{"id":483,"date":"2023-06-21T08:32:46","date_gmt":"2023-06-21T08:32:46","guid":{"rendered":"https:\/\/coach.lenok.se\/?page_id=483"},"modified":"2023-06-30T07:14:44","modified_gmt":"2023-06-30T07:14:44","slug":"privaatsuspoliitika","status":"publish","type":"page","link":"https:\/\/coach.lenok.se\/et\/privaatsuspoliitika\/","title":{"rendered":"Privaatsuspoliitika"},"content":{"rendered":"<div data-elementor-type=\"wp-page\" data-elementor-id=\"483\" class=\"elementor elementor-483\" data-elementor-post-type=\"page\">\n\t\t\t\t\t\t<section class=\"elementor-section elementor-top-section elementor-element elementor-element-2f7829e elementor-section-boxed elementor-section-height-default elementor-section-height-default\" data-id=\"2f7829e\" data-element_type=\"section\" data-e-type=\"section\">\n\t\t\t\t\t\t<div class=\"elementor-container elementor-column-gap-default\">\n\t\t\t\t\t<div class=\"elementor-column elementor-col-100 elementor-top-column elementor-element elementor-element-ca39155\" data-id=\"ca39155\" data-element_type=\"column\" data-e-type=\"column\">\n\t\t\t<div class=\"elementor-widget-wrap elementor-element-populated\">\n\t\t\t\t\t\t<div class=\"elementor-element elementor-element-98154c2 elementor-widget elementor-widget-heading\" data-id=\"98154c2\" data-element_type=\"widget\" data-e-type=\"widget\" data-widget_type=\"heading.default\">\n\t\t\t\t<div class=\"elementor-widget-container\">\n\t\t\t\t\t<h2 class=\"elementor-heading-title elementor-size-default\">INTEGRITETSPOLICY<\/h2>\t\t\t\t<\/div>\n\t\t\t\t<\/div>\n\t\t\t\t\t<\/div>\n\t\t<\/div>\n\t\t\t\t\t<\/div>\n\t\t<\/section>\n\t\t\t\t<section class=\"elementor-section elementor-top-section elementor-element elementor-element-c188add elementor-section-boxed elementor-section-height-default elementor-section-height-default\" data-id=\"c188add\" data-element_type=\"section\" data-e-type=\"section\">\n\t\t\t\t\t\t<div class=\"elementor-container elementor-column-gap-default\">\n\t\t\t\t\t<div class=\"elementor-column elementor-col-100 elementor-top-column elementor-element elementor-element-84621bb\" data-id=\"84621bb\" data-element_type=\"column\" data-e-type=\"column\">\n\t\t\t<div class=\"elementor-widget-wrap elementor-element-populated\">\n\t\t\t\t\t\t<div class=\"elementor-element elementor-element-19d77ec elementor-widget elementor-widget-text-editor\" data-id=\"19d77ec\" data-element_type=\"widget\" data-e-type=\"widget\" data-widget_type=\"text-editor.default\">\n\t\t\t\t<div class=\"elementor-widget-container\">\n\t\t\t\t\t\t\t\t\t<p>LenoK AB, registreerimisnumber 559242-6554, asukoht Stockholm, Rootsi (edaspidi \"Meie\") haldab LenoK AB platvormi aadressil coach.lenok.se, mille kaudu tehakse kasutajatele k\u00e4ttesaadavaks Coachingu teenus, mis v\u00f5imaldab teil tellida oma Coachingu teenus.<\/p><p>Dessa integritetsvillkor reglerar \u00e5 ena sidan V\u00e5r verksamhet som ansvarig behandlare av dina personuppgifter och \u00e5 andra sidan V\u00e5r verksamhet som auktoriserad registerf\u00f6rare i den mening som avses i den allm\u00e4nna f\u00f6rordningen om skydd av personuppgifter 2016\/679. Sekretessvillkoren l\u00e4ses i den del d\u00e4r de reglerar V\u00e5r verksamhet som auktoriserad bearbetare av anv\u00e4ndaren av plattformen<\/p><p>ja meie vahel s\u00f5lmitud andmeedastusleping isikuandmete kaitse \u00fcldm\u00e4\u00e4ruse artikli 28 t\u00e4henduses.<\/p><p><br \/>Kinnitame, et j\u00e4rgime k\u00f5ikide andmete t\u00f6\u00f6tlemisel isikuandmete kaitse \u00fcldm\u00e4\u00e4ruse 2016\/679 n\u00f5udeid.<\/p><p>Kinnitame, et j\u00e4rgime k\u00f5ikide andmete t\u00f6\u00f6tlemisel isikuandmete kaitse \u00fcldm\u00e4\u00e4ruse 2016\/679 n\u00f5udeid....<\/p><p>\"Teie\" t\u00e4hendab juriidilist v\u00f5i f\u00fc\u00fcsilist isikut, kes kasutab meie teenust ja on n\u00f5ustunud teenuse ja selles sisalduvate \u00fcldiste teenusetingimustega.<\/p><p>&#8221;Personuppgifter&#8221; \u00e4r all information om den registrerade eller dig som du publicerar p\u00e5 plattformen.<\/p><p>\"T\u00f6\u00f6tlemine\" on automatiseeritud v\u00f5i automatiseerimata toiming v\u00f5i toimingute kogum, mida tehakse isikuandmete v\u00f5i nende kogudega, nagu kogumine, dokumenteerimine, korrastamine, struktureerimine, salvestamine, kohandamine ja muutmine, taotlemine, lugemine, kasutamine, edastamise teel avaldamine, levitamine v\u00f5i muul viisil k\u00e4ttesaadavaks teha, \u00fchendada v\u00f5i kombineerida, piirata, kustutada v\u00f5i h\u00e4vitada.<\/p><p>\u201eIsikuandmetega seotud rikkumine\u201c on turvarikkumine, mille tulemuseks on edastatavate, salvestatud v\u00f5i muul viisil t\u00f6\u00f6deldavate Isikuandmete juhuslik v\u00f5i ebaseaduslik h\u00e4vitamine, kaotsiminek, muutmine v\u00f5i volitamata avalikustamine v\u00f5i neile juurdep\u00e4\u00e4s.<\/p><p>\"Teenus\" on teile LenoK platvormi kaudu pakutav juhendamisteenus.<\/p><p>\"Tingimused\" viitavad LenoK AB teenuse \u00fcldtingimustele, mis reguleerivad coach.lenok.se platvormi, tarkvara ja teenuse kasutamist.<\/p><p>Teie kohta kogutud isikuandmed<\/p><p>Kogume ja t\u00f6\u00f6tleme teie kohta k\u00e4ivaid isikuandmeid, mille olete meile platvormil vabatahtlikult esitanud. M\u00f5istate, et isikuandmete meile avaldamine on vabatahtlik, kuid kui te seda ei avalda, ei saa te LenoK platvormi ega seal pakutavat teenust kasutada.<\/p><p>Teenuse kasutamiseks kogume ja t\u00f6\u00f6tleme teie kohta j\u00e4rgmisi isikuandmeid: nimi, e-posti aadress, esindatava juriidilise isiku ja tema tegevuse andmed (ettev\u00f5tte nimi, registreerimiskood, elukohariik, kontaktide andmed arveid saatma.<\/p><p>Isikuandmete edastamine ja s\u00e4ilitamine<\/p><p>V\u00f5ime edastada teie isikuandmeid kolmandatele isikutele, nagu raamatupidaja, \u00f5igusabiteenust osutav isik v\u00f5i muu isik, kes osutab meile teenust. Oleme teinud k\u00f5ik endast oleneva, et tagada isikuandmete konfidentsiaalsus ja turvalisus \u00fclalnimetatud kolmandate osapooltega.<\/p><p>Kolmandad isikud, kellele teie isikuandmeid edastame, v\u00f5ivad asuda v\u00e4ljaspool Euroopa Majanduspiirkonda, kus on kehtestatud erinevad isikuandmete kaitse regulatsioonid ja mille kohta Euroopa Komisjon ei ole teinud otsust piisava kaitse kohta. Nendes riikides ei saa isikuandmete turvalisust (sh kaitset v\u00e4\u00e4rkasutuse, volitamata juurdep\u00e4\u00e4su, avalikustamise, muutmise v\u00f5i h\u00e4vitamise eest) tagada Euroopa Liiduga samal tasemel, kuna puudub piisav andmekaitse tase. Isikuandmete edastamisel v\u00e4ljapoole Euroopa Majanduspiirkonda kohustume tagama asjakohaste turvameetmete rakendamise. Kui soovite saada teavet kehtivate turvameetmete kohta, teavitage meid oma soovist.<\/p><p>Meie t\u00f6\u00f6tajate ligip\u00e4\u00e4s isikuandmetele p\u00f5hineb rollip\u00f5hisel kasutajahaldusprotsessil, kus igale t\u00f6\u00f6tajale antakse ligip\u00e4\u00e4s ainult tema t\u00f6\u00f6\u00fclesannete ja t\u00f6\u00f6ga seonduvalt.<\/p><p>S\u00e4ilitame teie isikuandmeid nii kaua, kuni see on seadusega ette n\u00e4htud v\u00f5i lubatud, kuid mitte kauem, kui on meie jaoks m\u00f5istlikult vajalik nende eesm\u00e4rkide saavutamiseks, milleks isikuandmeid koguti v\u00f5i t\u00f6\u00f6deldi, muuhulgas v\u00f5ib sellisteks kriteeriumiteks olla isikuandmete s\u00e4ilitamine. isikuandmeid kuni n\u00f5ude aegumiseni.<\/p><p>Me rakendame m\u00f5istlikke samme isikuandmete usaldusv\u00e4\u00e4rsuse ja t\u00e4psuse tagamiseks.<\/p><p>Teie \u00f5igused isikuandmete kogumisel<\/p><p>Seoses isikuandmete kogumisega on teil \u00f5igus:<br \/>taotleda juurdep\u00e4\u00e4su enda kohta kogutud isikuandmetele ja n\u00f5uda isikuandmete koopiat;<br \/>n\u00f5uda oma isikuandmete parandamist, uuendamist v\u00f5i kustutamist;<br \/>att kr\u00e4va begr\u00e4nsning av behandling, insamling och anv\u00e4ndning av personuppgifter i de fall som f\u00f6reskrivs i lagstiftningen;<br \/>oma \u00f5iguste rikkumise korral p\u00f6\u00f6rduda Andmekaitse Inspektsiooni poole.<\/p><p>K\u00fcpsised<\/p><p>Kasutame platvormil k\u00fcpsiseid ja muid sarnaseid tehnoloogiaid, et t\u00f5sta oma platvormi funktsionaalsust ja seal pakutavate teenuste kvaliteeti.<\/p><p>V\u00e5r verksamhet som auktoriserad personuppgiftsbitr\u00e4de<\/p><p>Teile teenuse osutamiseks peame v\u00f5ib-olla t\u00f6\u00f6tlema andmesubjektide isikuandmeid teie nimel, kuid ainult sellises ulatuses ja viisil, mis on vajalik teile m\u00e4\u00e4ratud \u00fclesannete t\u00e4itmiseks. Meie poolt teile pakutavat teenust kirjeldatakse \u00fcksikasjalikumalt meie kasutustingimustes.<\/p><p>K\u00e4esolevate privaatsustingimustega seoses m\u00e4\u00e4rame kindlaks andmesubjektide isikuandmete t\u00f6\u00f6tlemise tingimused, et tagada isikuandmete t\u00f6\u00f6tlemise vastavus andmekaitset reguleerivates \u00f5igusaktides s\u00e4testatud tingimustele ning andmesubjektide \u00f5iguste kaitse. on tagatud.<\/p><p>T\u00f6\u00f6tlemistegevused<\/p><p>Kinnitame, et me ei t\u00f6\u00f6tle meile edastatud andmesubjektide isikuandmeid \u00fchelgi muul eesm\u00e4rgil (sealhulgas nii \u00e4rilistel kui ka isiklikel eesm\u00e4rkidel) kui teile teenuse osutamiseks.<\/p><p>Nende tingimuste alusel kohustume tagama, et k\u00f5ik meie t\u00f6\u00f6tajad v\u00f5i kolmandad isikud, keda me teile teenuse osutamiseks kasutame, vastaksid andmekaitset reguleerivates \u00f5igusaktides s\u00e4testatud n\u00f5uetele, sealhulgas konfidentsiaalsuse hoidmise kohustusele. Samal ajal teavitage teid kohe, kui me ei saa mingil p\u00f5hjusel sellist \u00fchilduvust tagada.<\/p><p>Lisaks teavitame teid kohe j\u00e4rgmistest asjaoludest:<\/p><p>\u00d5iguskaitseorganite \u00f5iguslikult siduvad taotlused isikuandmete avaldamiseks, v\u00e4lja arvatud taotluste avaldamise keelu korral, mis tuleneb n\u00e4iteks kriminaal\u00f5igusest ja on suunatud \u00f5iguskaitseorganite uurimistoimingute konfidentsiaalsuse kaitsmisele;<\/p><ul><li>Juhusliku v\u00f5i volitamata juurdep\u00e4\u00e4su juhtumid;<\/li><li><br \/>Andmesubjekti esitatud taotlused.<\/li><\/ul><p>\u00d6verf\u00f6ring av personuppgifter<\/p><p>Privaatsustingimustega n\u00f5ustudes annate meile n\u00f5usoleku andmesubjekti isikuandmete edastamiseks vastavalt k\u00e4esolevate privaatsustingimuste s\u00e4tetele.<\/p><p>Uute isikuandmete saajate kaasamine on v\u00f5imalik ainult teie eelneval n\u00f5usolekul. Isikuandmete edastamisel kolmandatele isikutele s\u00f5lmime kolmandate isikutega sarnase sisuga lepingu, et tagada isikuandmete korrektne t\u00f6\u00f6tlemine. Kui isikuandmeid t\u00f6\u00f6tlev kolmas isik ei t\u00e4ida andmekaitsealastes \u00f5igusaktides s\u00e4testatud n\u00f5udeid v\u00f5i ei t\u00e4ida meiega s\u00f5lmitud lepingut, vastutame teie ees kehtivates \u00f5igusaktides s\u00e4testatud n\u00f5uete ja kohustuste t\u00e4itmise eest. andmekaitse.<\/p><p>Kohaldatavad turvameetmed<\/p><p>Kinnitame, et oleme kasutusele v\u00f5tnud k\u00f5ik asjakohased tehnilised ja korralduslikud meetmed tagamaks, et t\u00f6\u00f6tlemine vastaks andmekaitset reguleerivates \u00f5igusaktides s\u00e4testatud n\u00f5uetele ning oleks tagatud andmesubjektide \u00f5iguste kaitse. Teeme k\u00f5ik endast oleneva, et v\u00e4ltida andmete juhuslikku v\u00f5i ebaseaduslikku h\u00e4vitamist, kadumist, muutmist, volitamata avaldamist v\u00f5i juurdep\u00e4\u00e4su andmetele.<\/p><p>Eelneva tagamiseks oleme rakendanud k\u00e4esolevates privaatsustingimustes nimetatud meetmeid.<\/p><p>Teie n\u00f5udmisel edastame teile m\u00f5istliku aja jooksul kogu teabe, mis on vajalik asjakohaste tehniliste ja korralduslike meetmete rakendamise t\u00f5endamiseks. Muuhulgas v\u00f5imaldame korraldada auditeid, mis on vajalikud nende meetmete rakendamise kontrollimiseks. Eelnimetatud kohustuste t\u00e4itmise kulud, sealhulgas auditi korraldamisega kaasnevad kulud, kannate Teie ning meil on \u00f5igus n\u00f5uda Teilt nende kohustuste t\u00e4itmisel tekkinud otseste ja kaudsete kulude h\u00fcvitamist.<\/p><p>Isikuandmete rikkumine<\/p><p>Isikuandmete rikkumise korral kohustume teid sellest p\u00f5hjendamatu viivituseta teavitama ja teiega igak\u00fclgset koost\u00f6\u00f6d tegema. Muuhulgas kohustume teavitama isikuandmete rikkumisest j\u00e4rgmiselt:<\/p><p>Kirjeldame isikuandmetega seotud rikkumise olemust ja v\u00f5imalusel nimetame andmesubjektide ligikaudse arvu ning asjakohaste isikuandmete kirjete t\u00fc\u00fcbid ja ligikaudse arvu;<\/p><p>Anname lisateavet andva kontaktisiku nime ja kontaktandmed;<\/p><ul><li>Kirjeldame isikuandmetega seotud rikkumise v\u00f5imalikke tagaj\u00e4rgi;<br \/>Kirjeldame isikuandmetega seotud rikkumise lahendamiseks, sealhulgas vajaduse korral rikkumise v\u00f5imalike kahjulike m\u00f5jude leevendamiseks meie poolt tehtud v\u00f5i kavandatavaid toiminguid;<br \/>Kirjeldame v\u00f5imalikke meetmeid, mida saame v\u00f5tta isikuandmetega seotud rikkumise v\u00f5imalike negatiivsete m\u00f5jude leevendamiseks.<\/li><\/ul><p>Me ei vastuta Tingimuste t\u00e4itmisel Teile tekitatud kahjude eest, mis on p\u00f5hjustatud Teie eba\u00f5igest k\u00e4itumisest isikuandmete t\u00f6\u00f6tlemisel.<\/p><p>Muud tingimused<\/p><p>Andmeedastusleping l\u00f5peb automaatselt hetkel, kui l\u00f5peb Teie ja meie vahel Teenuse osutamiseks s\u00f5lmitud leping. Pooled lepivad kokku, et lepingu l\u00f5petamisel tagastame k\u00f5ik tema esitatud isikuandmed ja tema tehtud koopiad.<\/p><p>Kui teil on k\u00fcsimusi seoses isikuandmete t\u00f6\u00f6tlemisega, v\u00f5tke meiega \u00fchendust e-posti teel aadressil coach.lenoK.se.<\/p>\t\t\t\t\t\t\t\t<\/div>\n\t\t\t\t<\/div>\n\t\t\t\t\t<\/div>\n\t\t<\/div>\n\t\t\t\t\t<\/div>\n\t\t<\/section>\n\t\t\t\t<\/div>","protected":false},"excerpt":{"rendered":"<p>INTEGRITETSPOLICY LenoK AB, registreringsnummer 559242-6554, plats Stockholm, Sverige (nedan &#8221;Oss&#8221;) driver LenoK AB-plattformen p\u00e5 coach.lenok.se, genom vilken Coachingtj\u00e4nsten g\u00f6rs tillg\u00e4nglig f\u00f6r anv\u00e4ndare, vilket g\u00f6r att du kan best\u00e4lla din egen Coaching service. Dessa integritetsvillkor reglerar \u00e5 ena sidan V\u00e5r verksamhet som ansvarig behandlare av dina personuppgifter och \u00e5 andra sidan V\u00e5r verksamhet som auktoriserad registerf\u00f6rare [&hellip;]<\/p>\n","protected":false},"author":1,"featured_media":0,"parent":0,"menu_order":0,"comment_status":"closed","ping_status":"closed","template":"elementor_header_footer","meta":{"footnotes":""},"class_list":["post-483","page","type-page","status-publish","hentry"],"_links":{"self":[{"href":"https:\/\/coach.lenok.se\/et\/wp-json\/wp\/v2\/pages\/483","targetHints":{"allow":["GET"]}}],"collection":[{"href":"https:\/\/coach.lenok.se\/et\/wp-json\/wp\/v2\/pages"}],"about":[{"href":"https:\/\/coach.lenok.se\/et\/wp-json\/wp\/v2\/types\/page"}],"author":[{"embeddable":true,"href":"https:\/\/coach.lenok.se\/et\/wp-json\/wp\/v2\/users\/1"}],"replies":[{"embeddable":true,"href":"https:\/\/coach.lenok.se\/et\/wp-json\/wp\/v2\/comments?post=483"}],"version-history":[{"count":34,"href":"https:\/\/coach.lenok.se\/et\/wp-json\/wp\/v2\/pages\/483\/revisions"}],"predecessor-version":[{"id":643,"href":"https:\/\/coach.lenok.se\/et\/wp-json\/wp\/v2\/pages\/483\/revisions\/643"}],"wp:attachment":[{"href":"https:\/\/coach.lenok.se\/et\/wp-json\/wp\/v2\/media?parent=483"}],"curies":[{"name":"wp","href":"https:\/\/api.w.org\/{rel}","templated":true}]}}